{"id":843,"date":"2018-07-30T16:39:51","date_gmt":"2018-07-30T16:39:51","guid":{"rendered":"http:\/\/skyfallcats.com\/?page_id=843"},"modified":"2018-09-23T10:12:07","modified_gmt":"2018-09-23T10:12:07","slug":"nossas-condicoes","status":"publish","type":"page","link":"http:\/\/skyfallcats.com\/pt_pt\/gatos\/ninhadas\/nossas-condicoes\/","title":{"rendered":"Nossas Condi\u00e7\u00f5es"},"content":{"rendered":"\t\t<div data-elementor-type=\"wp-post\" data-elementor-id=\"843\" class=\"elementor elementor-843 elementor-bc-flex-widget\" data-elementor-settings=\"[]\">\n\t\t\t\t\t\t<div class=\"elementor-inner\">\n\t\t\t\t\t\t\t<div class=\"elementor-section-wrap\">\n\t\t\t\t\t\t\t<section class=\"elementor-section elementor-top-section elementor-element elementor-element-a49f504 elementor-section-boxed elementor-section-height-default elementor-section-height-default\" data-id=\"a49f504\" data-element_type=\"section\">\n\t\t\t\t\t\t<div class=\"elementor-container elementor-column-gap-default\">\n\t\t\t\t\t\t\t<div class=\"elementor-row\">\n\t\t\t\t\t<div class=\"elementor-column elementor-col-100 elementor-top-column elementor-element elementor-element-157160d\" data-id=\"157160d\" data-element_type=\"column\">\n\t\t\t<div class=\"elementor-column-wrap elementor-element-populated\">\n\t\t\t\t\t\t\t<div class=\"elementor-widget-wrap\">\n\t\t\t\t\t\t<div class=\"elementor-element elementor-element-50b4bd5 elementor-widget elementor-widget-text-editor\" data-id=\"50b4bd5\" data-element_type=\"widget\" data-widget_type=\"text-editor.default\">\n\t\t\t\t<div class=\"elementor-widget-container\">\n\t\t\t\t\t<div class=\"elementor-text-editor elementor-clearfix\"><p>Os nossos gatos s\u00e3o parte da fam\u00edlia e, portanto, convivem connosco durante todo o seu crescimento.<\/p><p><\/p><p>O <span style=\"color: #b3d6da;\"><strong>pedigree<\/strong><\/span>\u00a0<span style=\"color: #b3d6da;\"><strong>original<\/strong><\/span> \u00e9 o <span style=\"color: #b3d6da;\"><strong>\u00fanico<\/strong><\/span> documento que comprova a <span style=\"color: #b3d6da;\"><strong>autenticidade<\/strong><\/span> de um gato de ra\u00e7a &#8211; <span style=\"color: #b3d6da;\"><strong>Persa<\/strong><\/span> ou <span style=\"color: #b3d6da;\"><strong>Ex\u00f3tico<\/strong><\/span> &#8211; sendo esta a \u00fanica garantia para os novos donos.<\/p><p>As nossas condi\u00e7\u00f5es s\u00e3o as seguintes:<\/p><\/div>\n\t\t\t\t<\/div>\n\t\t\t\t<\/div>\n\t\t\t\t<div class=\"elementor-element elementor-element-ea4aedd elementor-icon-list--layout-traditional elementor-list-item-link-full_width elementor-widget elementor-widget-icon-list\" data-id=\"ea4aedd\" data-element_type=\"widget\" data-widget_type=\"icon-list.default\">\n\t\t\t\t<div class=\"elementor-widget-container\">\n\t\t\t\t\t<ul class=\"elementor-icon-list-items\">\n\t\t\t\t\t\t\t<li class=\"elementor-icon-list-item\">\n\t\t\t\t\t\t\t\t\t\t\t<span class=\"elementor-icon-list-icon\">\n\t\t\t\t\t\t\t\t\t\t\t\t\t\t\t\t<i class=\"fa fa-arrow-circle-right\" aria-hidden=\"true\"><\/i>\n\t\t\t\t\t\t\t\t\t\t\t\t\t<\/span>\n\t\t\t\t\t\t\t\t\t\t<span class=\"elementor-icon-list-text\">O gatinho \u00e9 entregue com 3 meses de idade (no m\u00ednimo), quando estiver totalmente soci\u00e1vel, a comer perfeitamente e capaz de tratar da sua higiene pessoal.<\/span>\n\t\t\t\t\t\t\t\t\t<\/li>\n\t\t\t\t\t\t\t\t<li class=\"elementor-icon-list-item\">\n\t\t\t\t\t\t\t\t\t\t\t<span class=\"elementor-icon-list-icon\">\n\t\t\t\t\t\t\t\t\t\t\t\t\t\t\t\t<i class=\"fa fa-arrow-circle-right\" aria-hidden=\"true\"><\/i>\n\t\t\t\t\t\t\t\t\t\t\t\t\t<\/span>\n\t\t\t\t\t\t\t\t\t\t<span class=\"elementor-icon-list-text\">O gatinho \u00e9 PKD negativo, uma doen\u00e7a geneticamente transmiss\u00edvel .<\/span>\n\t\t\t\t\t\t\t\t\t<\/li>\n\t\t\t\t\t\t\t\t<li class=\"elementor-icon-list-item\">\n\t\t\t\t\t\t\t\t\t\t\t<span class=\"elementor-icon-list-icon\">\n\t\t\t\t\t\t\t\t\t\t\t\t\t\t\t\t<i class=\"fa fa-arrow-circle-right\" aria-hidden=\"true\"><\/i>\n\t\t\t\t\t\t\t\t\t\t\t\t\t<\/span>\n\t\t\t\t\t\t\t\t\t\t<span class=\"elementor-icon-list-text\">Pedigree original.<\/span>\n\t\t\t\t\t\t\t\t\t<\/li>\n\t\t\t\t\t\t\t\t<li class=\"elementor-icon-list-item\">\n\t\t\t\t\t\t\t\t\t\t\t<span class=\"elementor-icon-list-icon\">\n\t\t\t\t\t\t\t\t\t\t\t\t\t\t\t\t<i class=\"fa fa-arrow-circle-right\" aria-hidden=\"true\"><\/i>\n\t\t\t\t\t\t\t\t\t\t\t\t\t<\/span>\n\t\t\t\t\t\t\t\t\t\t<span class=\"elementor-icon-list-text\">Todas as vacinas necess\u00e1rias at\u00e9 \u00e0 sua idade.<\/span>\n\t\t\t\t\t\t\t\t\t<\/li>\n\t\t\t\t\t\t\t\t<li class=\"elementor-icon-list-item\">\n\t\t\t\t\t\t\t\t\t\t\t<span class=\"elementor-icon-list-icon\">\n\t\t\t\t\t\t\t\t\t\t\t\t\t\t\t\t<i class=\"fa fa-arrow-circle-right\" aria-hidden=\"true\"><\/i>\n\t\t\t\t\t\t\t\t\t\t\t\t\t<\/span>\n\t\t\t\t\t\t\t\t\t\t<span class=\"elementor-icon-list-text\">Desparasitado.<\/span>\n\t\t\t\t\t\t\t\t\t<\/li>\n\t\t\t\t\t\t\t\t<li class=\"elementor-icon-list-item\">\n\t\t\t\t\t\t\t\t\t\t\t<span class=\"elementor-icon-list-icon\">\n\t\t\t\t\t\t\t\t\t\t\t\t\t\t\t\t<i class=\"fa fa-arrow-circle-right\" aria-hidden=\"true\"><\/i>\n\t\t\t\t\t\t\t\t\t\t\t\t\t<\/span>\n\t\t\t\t\t\t\t\t\t\t<span class=\"elementor-icon-list-text\">Boletim Sanit\u00e1rio para Gatos, no caso de ser um gatinho para companhia.<\/span>\n\t\t\t\t\t\t\t\t\t<\/li>\n\t\t\t\t\t\t\t\t<li class=\"elementor-icon-list-item\">\n\t\t\t\t\t\t\t\t\t\t\t<span class=\"elementor-icon-list-icon\">\n\t\t\t\t\t\t\t\t\t\t\t\t\t\t\t\t<i class=\"fa fa-arrow-circle-right\" aria-hidden=\"true\"><\/i>\n\t\t\t\t\t\t\t\t\t\t\t\t\t<\/span>\n\t\t\t\t\t\t\t\t\t\t<span class=\"elementor-icon-list-text\">Passaporte de Animal de Companhia\/Passaporte Europeu.<\/span>\n\t\t\t\t\t\t\t\t\t<\/li>\n\t\t\t\t\t\t\t\t<li class=\"elementor-icon-list-item\">\n\t\t\t\t\t\t\t\t\t\t\t<span class=\"elementor-icon-list-icon\">\n\t\t\t\t\t\t\t\t\t\t\t\t\t\t\t\t<i class=\"fa fa-arrow-circle-right\" aria-hidden=\"true\"><\/i>\n\t\t\t\t\t\t\t\t\t\t\t\t\t<\/span>\n\t\t\t\t\t\t\t\t\t\t<span class=\"elementor-icon-list-text\">Microchip, important\u00edssimo para a sua identifica\u00e7\u00e3o em caso de perda ou roubo.<\/span>\n\t\t\t\t\t\t\t\t\t<\/li>\n\t\t\t\t\t\t\t\t<li class=\"elementor-icon-list-item\">\n\t\t\t\t\t\t\t\t\t\t\t<span class=\"elementor-icon-list-icon\">\n\t\t\t\t\t\t\t\t\t\t\t\t\t\t\t\t<i class=\"fa fa-arrow-circle-right\" aria-hidden=\"true\"><\/i>\n\t\t\t\t\t\t\t\t\t\t\t\t\t<\/span>\n\t\t\t\t\t\t\t\t\t\t<span class=\"elementor-icon-list-text\">Kit Gatinho da Royal Canin.<\/span>\n\t\t\t\t\t\t\t\t\t<\/li>\n\t\t\t\t\t\t<\/ul>\n\t\t\t\t<\/div>\n\t\t\t\t<\/div>\n\t\t\t\t<div class=\"elementor-element elementor-element-56052fa elementor-widget elementor-widget-spacer\" data-id=\"56052fa\" data-element_type=\"widget\" data-widget_type=\"spacer.default\">\n\t\t\t\t<div class=\"elementor-widget-container\">\n\t\t\t\t\t<div class=\"elementor-spacer\">\n\t\t\t<div class=\"elementor-spacer-inner\"><\/div>\n\t\t<\/div>\n\t\t\t\t<\/div>\n\t\t\t\t<\/div>\n\t\t\t\t<div class=\"elementor-element elementor-element-6ee7b77 elementor-widget elementor-widget-text-editor\" data-id=\"6ee7b77\" data-element_type=\"widget\" data-widget_type=\"text-editor.default\">\n\t\t\t\t<div class=\"elementor-widget-container\">\n\t\t\t\t\t<div class=\"elementor-text-editor elementor-clearfix\"><p>Apenas ter\u00e1 a oportunidade de ter um gatinho Skyfall, aquele que sentirmos que respeitar\u00e1 e amar\u00e1 os nossos gatinhos como estes merecem.<\/p><p>N\u00e3o enviamos os nossos gatinhos atrav\u00e9s de empresas de transporte.<\/p><p><\/p><\/div>\n\t\t\t\t<\/div>\n\t\t\t\t<\/div>\n\t\t\t\t<div class=\"elementor-element elementor-element-b7f4e83 elementor-widget elementor-widget-spacer\" data-id=\"b7f4e83\" data-element_type=\"widget\" data-widget_type=\"spacer.default\">\n\t\t\t\t<div class=\"elementor-widget-container\">\n\t\t\t\t\t<div class=\"elementor-spacer\">\n\t\t\t<div class=\"elementor-spacer-inner\"><\/div>\n\t\t<\/div>\n\t\t\t\t<\/div>\n\t\t\t\t<\/div>\n\t\t\t\t<div class=\"elementor-element elementor-element-2e7f9b9 elementor-widget elementor-widget-alert\" data-id=\"2e7f9b9\" data-element_type=\"widget\" data-widget_type=\"alert.default\">\n\t\t\t\t<div class=\"elementor-widget-container\">\n\t\t\t\t\t<div class=\"elementor-alert elementor-alert-info\" role=\"alert\">\n\t\t\t<span class=\"elementor-alert-title\">Aten\u00e7\u00e3o<\/span>\n\t\t\t\t\t\t\t<span class=\"elementor-alert-description\">O gatil Skyfall tem o direito de recusar a ced\u00eancia de gatos que se encontrem dispon\u00edveis na p\u00e1gina \"Ninhadas Dispon\u00edveis\", em qualquer momento sem dar qualquer explica\u00e7\u00e3o.<\/span>\n\t\t\t\t\t\t\t\t<\/div>\n\t\t\t\t<\/div>\n\t\t\t\t<\/div>\n\t\t\t\t<div class=\"elementor-element elementor-element-6d57974 elementor-widget elementor-widget-alert\" data-id=\"6d57974\" data-element_type=\"widget\" data-widget_type=\"alert.default\">\n\t\t\t\t<div class=\"elementor-widget-container\">\n\t\t\t\t\t<div class=\"elementor-alert elementor-alert-info\" role=\"alert\">\n\t\t\t<span class=\"elementor-alert-title\"> <\/span>\n\t\t\t\t\t\t\t<span class=\"elementor-alert-description\">Nunca poderemos dar a garantia que um gatinho vendido para Show se tornar\u00e1 num gato Top Show. Cada um dos gatinhos que se despede do nosso gatil, dependendo de variados factores, pode evoluir de diversas formas. Assim, a \u00fanica garantia que podemos dar \u00e9 que quando um gatinho sai do nosso gatil tem a qualidade esperada e a maneira como evolui est\u00e1 fora do nosso controlo.<\/span>\n\t\t\t\t\t\t\t\t<\/div>\n\t\t\t\t<\/div>\n\t\t\t\t<\/div>\n\t\t\t\t\t\t<\/div>\n\t\t\t\t\t<\/div>\n\t\t<\/div>\n\t\t\t\t\t\t\t\t<\/div>\n\t\t\t\t\t<\/div>\n\t\t<\/section>\n\t\t\t\t<section class=\"elementor-section elementor-top-section elementor-element elementor-element-1d50379 elementor-section-boxed elementor-section-height-default elementor-section-height-default\" data-id=\"1d50379\" data-element_type=\"section\">\n\t\t\t\t\t\t<div class=\"elementor-container elementor-column-gap-default\">\n\t\t\t\t\t\t\t<div class=\"elementor-row\">\n\t\t\t\t\t<div class=\"elementor-column elementor-col-100 elementor-top-column elementor-element elementor-element-1bb1bdd\" data-id=\"1bb1bdd\" data-element_type=\"column\">\n\t\t\t<div class=\"elementor-column-wrap elementor-element-populated\">\n\t\t\t\t\t\t\t<div class=\"elementor-widget-wrap\">\n\t\t\t\t\t\t<div class=\"elementor-element elementor-element-06dd226 elementor-widget elementor-widget-spacer\" data-id=\"06dd226\" data-element_type=\"widget\" data-widget_type=\"spacer.default\">\n\t\t\t\t<div class=\"elementor-widget-container\">\n\t\t\t\t\t<div class=\"elementor-spacer\">\n\t\t\t<div class=\"elementor-spacer-inner\"><\/div>\n\t\t<\/div>\n\t\t\t\t<\/div>\n\t\t\t\t<\/div>\n\t\t\t\t\t\t<\/div>\n\t\t\t\t\t<\/div>\n\t\t<\/div>\n\t\t\t\t\t\t\t\t<\/div>\n\t\t\t\t\t<\/div>\n\t\t<\/section>\n\t\t\t\t\t\t<\/div>\n\t\t\t\t\t\t<\/div>\n\t\t\t\t\t<\/div>\n\t\t","protected":false},"excerpt":{"rendered":"<p>Os nossos gatos s\u00e3o parte da fam\u00edlia e, portanto, convivem connosco durante todo o seu crescimento. O pedigree\u00a0original \u00e9 o \u00fanico documento que comprova a autenticidade de um gato de ra\u00e7a &#8211; Persa ou Ex\u00f3tico &#8211; sendo esta a \u00fanica garantia para os novos donos. As nossas condi\u00e7\u00f5es s\u00e3o as [&hellip;]<\/p>\n","protected":false},"author":1,"featured_media":0,"parent":461,"menu_order":0,"comment_status":"closed","ping_status":"closed","template":"page-templates\/template-fullwidth.php","meta":{"spay_email":""},"_links":{"self":[{"href":"http:\/\/skyfallcats.com\/pt_pt\/wp-json\/wp\/v2\/pages\/843"}],"collection":[{"href":"http:\/\/skyfallcats.com\/pt_pt\/wp-json\/wp\/v2\/pages"}],"about":[{"href":"http:\/\/skyfallcats.com\/pt_pt\/wp-json\/wp\/v2\/types\/page"}],"author":[{"embeddable":true,"href":"http:\/\/skyfallcats.com\/pt_pt\/wp-json\/wp\/v2\/users\/1"}],"replies":[{"embeddable":true,"href":"http:\/\/skyfallcats.com\/pt_pt\/wp-json\/wp\/v2\/comments?post=843"}],"version-history":[{"count":9,"href":"http:\/\/skyfallcats.com\/pt_pt\/wp-json\/wp\/v2\/pages\/843\/revisions"}],"predecessor-version":[{"id":1302,"href":"http:\/\/skyfallcats.com\/pt_pt\/wp-json\/wp\/v2\/pages\/843\/revisions\/1302"}],"up":[{"embeddable":true,"href":"http:\/\/skyfallcats.com\/pt_pt\/wp-json\/wp\/v2\/pages\/461"}],"wp:attachment":[{"href":"http:\/\/skyfallcats.com\/pt_pt\/wp-json\/wp\/v2\/media?parent=843"}],"curies":[{"name":"wp","href":"https:\/\/api.w.org\/{rel}","templated":true}]}}